{"id":21979,"date":"2024-05-14T09:25:24","date_gmt":"2024-05-14T09:25:24","guid":{"rendered":"https:\/\/www.teamfit.eu\/?page_id=21979"},"modified":"2024-05-14T14:38:48","modified_gmt":"2024-05-14T14:38:48","slug":"teambuilding","status":"publish","type":"page","link":"https:\/\/www.teamfit.eu\/de\/glossary\/teambuilding\/","title":{"rendered":"Teambuilding"},"content":{"rendered":"<div data-elementor-type=\"wp-page\" data-elementor-id=\"21979\" class=\"elementor elementor-21979\" data-elementor-post-type=\"page\">\n\t\t\t\t\t\t<section class=\"elementor-section elementor-top-section elementor-element elementor-element-3fd854a elementor-section-boxed elementor-section-height-default elementor-section-height-default\" data-id=\"3fd854a\" data-element_type=\"section\" data-settings=\"{&quot;background_background&quot;:&quot;classic&quot;}\">\n\t\t\t\t\t\t<div class=\"elementor-container elementor-column-gap-default\">\n\t\t\t\t\t<div class=\"elementor-column elementor-col-100 elementor-top-column elementor-element elementor-element-ec5fb0e\" data-id=\"ec5fb0e\" data-element_type=\"column\">\n\t\t\t<div class=\"elementor-widget-wrap elementor-element-populated\">\n\t\t\t\t\t\t<div class=\"elementor-element elementor-element-3f6a2df elementor-widget__width-initial elementor-widget elementor-widget-heading\" data-id=\"3f6a2df\" data-element_type=\"widget\" data-widget_type=\"heading.default\">\n\t\t\t\t<div class=\"elementor-widget-container\">\n\t\t\t\t\t<h1 class=\"elementor-heading-title elementor-size-default\">Teambuilding<\/h1>\t\t\t\t<\/div>\n\t\t\t\t<\/div>\n\t\t\t\t<div class=\"elementor-element elementor-element-211d715 elementor-widget-divider--view-line elementor-widget elementor-widget-divider\" data-id=\"211d715\" data-element_type=\"widget\" data-widget_type=\"divider.default\">\n\t\t\t\t<div class=\"elementor-widget-container\">\n\t\t\t\t\t\t\t<div class=\"elementor-divider\">\n\t\t\t<span class=\"elementor-divider-separator\">\n\t\t\t\t\t\t<\/span>\n\t\t<\/div>\n\t\t\t\t\t\t<\/div>\n\t\t\t\t<\/div>\n\t\t\t\t\t<\/div>\n\t\t<\/div>\n\t\t\t\t\t<\/div>\n\t\t<\/section>\n\t\t\t\t<section class=\"elementor-section elementor-top-section elementor-element elementor-element-32da900e elementor-section-content-middle elementor-section-boxed elementor-section-height-default elementor-section-height-default\" data-id=\"32da900e\" data-element_type=\"section\">\n\t\t\t\t\t\t<div class=\"elementor-container elementor-column-gap-default\">\n\t\t\t\t\t<div class=\"elementor-column elementor-col-100 elementor-top-column elementor-element elementor-element-59778c88\" data-id=\"59778c88\" data-element_type=\"column\">\n\t\t\t<div class=\"elementor-widget-wrap elementor-element-populated\">\n\t\t\t\t\t\t<div class=\"elementor-element elementor-element-a2e5ea4 elementor-widget__width-initial elementor-widget elementor-widget-text-editor\" data-id=\"a2e5ea4\" data-element_type=\"widget\" data-widget_type=\"text-editor.default\">\n\t\t\t\t<div class=\"elementor-widget-container\">\n\t\t\t\t\t\t\t\t\t<p>Teambuilding bezeichnet die gezielte F\u00f6rderung der Zusammenarbeit, Kommunikation und Zusammengeh\u00f6rigkeit innerhalb eines Teams mit dem Ziel, die Leistungsf\u00e4higkeit, Motivation und Effektivit\u00e4t der Teammitglieder zu steigern. Es umfasst verschiedene Aktivit\u00e4ten, Ma\u00dfnahmen und Interventionen, die darauf abzielen, das Vertrauen, die Zusammenarbeit und den Teamgeist zu st\u00e4rken und die individuellen St\u00e4rken und F\u00e4higkeiten der Teammitglieder optimal zu nutzen. Teambuilding-Aktivit\u00e4ten k\u00f6nnen sowohl formell als auch informell sein und reichen von Teamworkshops, Seminaren und Trainings \u00fcber Outdoor-Abenteuerspiele bis hin zu Teambuilding-Ausfl\u00fcgen oder gemeinsamen Freizeitaktivit\u00e4ten. Sie bieten den Teammitgliedern die M\u00f6glichkeit, sich besser kennenzulernen, Vertrauen aufzubauen, Konflikte zu l\u00f6sen, Kommunikationsf\u00e4higkeiten zu verbessern und gemeinsame Ziele zu definieren.<\/p><p>Teambuilding ist ein kontinuierlicher Prozess und sollte regelm\u00e4\u00dfig durchgef\u00fchrt werden, um den Teamzusammenhalt aufrechtzuerhalten und die Entwicklung des Teams zu unterst\u00fctzen. Ein erfolgreiches Teambuilding tr\u00e4gt nicht nur zur Verbesserung der Teamleistung bei, sondern st\u00e4rkt auch die Bindung der Mitarbeiter an das Team und das Unternehmen, f\u00f6rdert ein positives Arbeitsklima und tr\u00e4gt zur Mitarbeiterzufriedenheit und -motivation bei.<\/p>\t\t\t\t\t\t\t\t<\/div>\n\t\t\t\t<\/div>\n\t\t\t\t\t<\/div>\n\t\t<\/div>\n\t\t\t\t\t<\/div>\n\t\t<\/section>\n\t\t\t\t<section class=\"elementor-section elementor-top-section elementor-element elementor-element-58734a6 elementor-section-boxed elementor-section-height-default elementor-section-height-default\" data-id=\"58734a6\" data-element_type=\"section\">\n\t\t\t\t\t\t<div class=\"elementor-container elementor-column-gap-default\">\n\t\t\t\t\t<div class=\"elementor-column elementor-col-100 elementor-top-column elementor-element elementor-element-b6c43d5\" data-id=\"b6c43d5\" data-element_type=\"column\">\n\t\t\t<div class=\"elementor-widget-wrap elementor-element-populated\">\n\t\t\t\t\t\t<div class=\"elementor-element elementor-element-b0b88bc elementor-widget__width-initial elementor-widget elementor-widget-text-editor\" data-id=\"b0b88bc\" data-element_type=\"widget\" data-widget_type=\"text-editor.default\">\n\t\t\t\t<div class=\"elementor-widget-container\">\n\t\t\t\t\t\t\t\t\t<ul><li><p>Matzat, A. (2023). Die Rolle und Bedeutung von Teambuilding bei hybriden Arbeitsmodellen. In: Bath, J., Winkler, K. (eds) Hybrid Work. Haufe, M\u00fcnchen.<\/p><\/li><li><p>Molzbichler, D. &amp; Sturmer, M. (2022). Ubuntu &#8211; Mandela f\u00fcr F\u00fchrungskr\u00e4fte: Anregungen F\u00fcr Selbstmanagement, Teamarbeit und Konfliktl\u00f6sung.<\/p><\/li><\/ul>\t\t\t\t\t\t\t\t<\/div>\n\t\t\t\t<\/div>\n\t\t\t\t\t<\/div>\n\t\t<\/div>\n\t\t\t\t\t<\/div>\n\t\t<\/section>\n\t\t\t\t<section class=\"elementor-section elementor-top-section elementor-element elementor-element-9127187 elementor-section-boxed elementor-section-height-default elementor-section-height-default\" data-id=\"9127187\" data-element_type=\"section\">\n\t\t\t\t\t\t<div class=\"elementor-container elementor-column-gap-default\">\n\t\t\t\t\t<div class=\"elementor-column elementor-col-100 elementor-top-column elementor-element elementor-element-423db60\" data-id=\"423db60\" data-element_type=\"column\">\n\t\t\t<div class=\"elementor-widget-wrap elementor-element-populated\">\n\t\t\t\t\t\t<div class=\"elementor-element elementor-element-cdc1dec elementor-widget elementor-widget-spacer\" data-id=\"cdc1dec\" data-element_type=\"widget\" data-widget_type=\"spacer.default\">\n\t\t\t\t<div class=\"elementor-widget-container\">\n\t\t\t\t\t\t\t<div class=\"elementor-spacer\">\n\t\t\t<div class=\"elementor-spacer-inner\"><\/div>\n\t\t<\/div>\n\t\t\t\t\t\t<\/div>\n\t\t\t\t<\/div>\n\t\t\t\t\t<\/div>\n\t\t<\/div>\n\t\t\t\t\t<\/div>\n\t\t<\/section>\n\t\t\t\t<section class=\"elementor-section elementor-top-section elementor-element elementor-element-bdc9a65 elementor-section-boxed elementor-section-height-default elementor-section-height-default\" data-id=\"bdc9a65\" data-element_type=\"section\">\n\t\t\t\t\t\t<div class=\"elementor-container elementor-column-gap-default\">\n\t\t\t\t\t<div class=\"elementor-column elementor-col-50 elementor-top-column elementor-element elementor-element-55cc583\" data-id=\"55cc583\" data-element_type=\"column\">\n\t\t\t<div class=\"elementor-widget-wrap elementor-element-populated\">\n\t\t\t\t\t\t<div class=\"elementor-element elementor-element-9b8c9f3 elementor-widget__width-initial elementor-view-default elementor-widget elementor-widget-icon\" data-id=\"9b8c9f3\" data-element_type=\"widget\" data-widget_type=\"icon.default\">\n\t\t\t\t<div class=\"elementor-widget-container\">\n\t\t\t\t\t\t\t<div class=\"elementor-icon-wrapper\">\n\t\t\t<a class=\"elementor-icon\" href=\"https:\/\/www.teamfit.eu\/de\/glossary\/absentismus\/\">\n\t\t\t<svg aria-hidden=\"true\" class=\"e-font-icon-svg e-fas-long-arrow-alt-left\" viewbox=\"0 0 448 512\" xmlns=\"http:\/\/www.w3.org\/2000\/svg\"><path d=\"M134.059 296H436c6.627 0 12-5.373 12-12v-56c0-6.627-5.373-12-12-12H134.059v-46.059c0-21.382-25.851-32.09-40.971-16.971L7.029 239.029c-9.373 9.373-9.373 24.569 0 33.941l86.059 86.059c15.119 15.119 40.971 4.411 40.971-16.971V296z\"><\/path><\/svg>\t\t\t<\/a>\n\t\t<\/div>\n\t\t\t\t\t\t<\/div>\n\t\t\t\t<\/div>\n\t\t\t\t<div class=\"elementor-element elementor-element-c03f246 elementor-widget__width-initial elementor-widget elementor-widget-heading\" data-id=\"c03f246\" data-element_type=\"widget\" data-widget_type=\"heading.default\">\n\t\t\t\t<div class=\"elementor-widget-container\">\n\t\t\t\t\t<h2 class=\"elementor-heading-title elementor-size-default\"><a href=\"https:\/\/www.teamfit.eu\/de\/glossary\/addiction-prevention\/\">Suchtpr\u00e4vention<\/a><\/h2>\t\t\t\t<\/div>\n\t\t\t\t<\/div>\n\t\t\t\t\t<\/div>\n\t\t<\/div>\n\t\t\t\t<div class=\"elementor-column elementor-col-50 elementor-top-column elementor-element elementor-element-1b7e64f\" data-id=\"1b7e64f\" data-element_type=\"column\">\n\t\t\t<div class=\"elementor-widget-wrap elementor-element-populated\">\n\t\t\t\t\t\t<div class=\"elementor-element elementor-element-b818c81 elementor-widget__width-initial elementor-widget elementor-widget-heading\" data-id=\"b818c81\" data-element_type=\"widget\" data-widget_type=\"heading.default\">\n\t\t\t\t<div class=\"elementor-widget-container\">\n\t\t\t\t\t<h2 class=\"elementor-heading-title elementor-size-default\"><a href=\"https:\/\/www.teamfit.eu\/de\/glossary\/transformational-leadership\/\">Transformationaler F\u00fchrungsstil<\/a><\/h2>\t\t\t\t<\/div>\n\t\t\t\t<\/div>\n\t\t\t\t<div class=\"elementor-element elementor-element-ad226be elementor-widget__width-initial elementor-view-default elementor-widget elementor-widget-icon\" data-id=\"ad226be\" data-element_type=\"widget\" data-widget_type=\"icon.default\">\n\t\t\t\t<div class=\"elementor-widget-container\">\n\t\t\t\t\t\t\t<div class=\"elementor-icon-wrapper\">\n\t\t\t<a class=\"elementor-icon\" href=\"https:\/\/www.teamfit.eu\/de\/glossary\/betriebliches-eingliederungsmanagement-bem\/\">\n\t\t\t<svg aria-hidden=\"true\" class=\"e-font-icon-svg e-fas-long-arrow-alt-right\" viewbox=\"0 0 448 512\" xmlns=\"http:\/\/www.w3.org\/2000\/svg\"><path d=\"M313.941 216H12c-6.627 0-12 5.373-12 12v56c0 6.627 5.373 12 12 12h301.941v46.059c0 21.382 25.851 32.09 40.971 16.971l86.059-86.059c9.373-9.373 9.373-24.569 0-33.941l-86.059-86.059c-15.119-15.119-40.971-4.411-40.971 16.971V216z\"><\/path><\/svg>\t\t\t<\/a>\n\t\t<\/div>\n\t\t\t\t\t\t<\/div>\n\t\t\t\t<\/div>\n\t\t\t\t\t<\/div>\n\t\t<\/div>\n\t\t\t\t\t<\/div>\n\t\t<\/section>\n\t\t\t\t<section class=\"elementor-section elementor-top-section elementor-element elementor-element-7e8b52f elementor-section-boxed elementor-section-height-default elementor-section-height-default\" data-id=\"7e8b52f\" data-element_type=\"section\">\n\t\t\t\t\t\t<div class=\"elementor-container elementor-column-gap-default\">\n\t\t\t\t\t<div class=\"elementor-column elementor-col-100 elementor-top-column elementor-element elementor-element-e2b886a\" data-id=\"e2b886a\" data-element_type=\"column\">\n\t\t\t<div class=\"elementor-widget-wrap elementor-element-populated\">\n\t\t\t\t\t\t<div class=\"elementor-element elementor-element-6bed681 elementor-widget elementor-widget-spacer\" data-id=\"6bed681\" data-element_type=\"widget\" data-widget_type=\"spacer.default\">\n\t\t\t\t<div class=\"elementor-widget-container\">\n\t\t\t\t\t\t\t<div class=\"elementor-spacer\">\n\t\t\t<div class=\"elementor-spacer-inner\"><\/div>\n\t\t<\/div>\n\t\t\t\t\t\t<\/div>\n\t\t\t\t<\/div>\n\t\t\t\t\t<\/div>\n\t\t<\/div>\n\t\t\t\t\t<\/div>\n\t\t<\/section>\n\t\t\t\t<\/div>","protected":false},"excerpt":{"rendered":"<p>Teambuilding Team building refers to the targeted promotion of cooperation, communication and togetherness within a team with the aim of increasing the performance, motivation and effectiveness of team members. It comprises various activities, measures and interventions that aim to strengthen trust, cooperation and team spirit and to optimally utilise the individual strengths and skills of [&hellip;]<\/p>","protected":false},"author":19,"featured_media":0,"parent":20491,"menu_order":1,"comment_status":"closed","ping_status":"closed","template":"elementor_header_footer","meta":{"content-type":"","footnotes":""},"class_list":["post-21979","page","type-page","status-publish","hentry"],"yoast_head":"<!-- This site is optimized with the Yoast SEO plugin v24.9 - https:\/\/yoast.com\/wordpress\/plugins\/seo\/ -->\n<title>Teambuilding - Teamfit<\/title>\n<meta name=\"description\" content=\"Glossar: Teambuilding bezeichnet die gezielte F\u00f6rderung der Zusammenarbeit, Kommunikation und Zusammengeh\u00f6rigkeit innerhalb eines Teams...\" \/>\n<meta name=\"robots\" content=\"index, follow, max-snippet:-1, max-image-preview:large, max-video-preview:-1\" \/>\n<link rel=\"canonical\" href=\"https:\/\/www.teamfit.eu\/de\/glossary\/teambuilding\/\" \/>\n<meta property=\"og:locale\" content=\"de_DE\" \/>\n<meta property=\"og:type\" content=\"article\" \/>\n<meta property=\"og:title\" content=\"Teambuilding - Teamfit\" \/>\n<meta property=\"og:description\" content=\"Glossar: Teambuilding bezeichnet die gezielte F\u00f6rderung der Zusammenarbeit, Kommunikation und Zusammengeh\u00f6rigkeit innerhalb eines Teams...\" \/>\n<meta property=\"og:url\" content=\"https:\/\/www.teamfit.eu\/de\/glossary\/teambuilding\/\" \/>\n<meta property=\"og:site_name\" content=\"Teamfit\" \/>\n<meta property=\"article:publisher\" content=\"https:\/\/www.facebook.com\/teamfitapp\" \/>\n<meta property=\"article:modified_time\" content=\"2024-05-14T14:38:48+00:00\" \/>\n<meta name=\"twitter:card\" content=\"summary_large_image\" \/>\n<meta name=\"twitter:label1\" content=\"Gesch\u00e4tzte Lesezeit\" \/>\n\t<meta name=\"twitter:data1\" content=\"2\u00a0Minuten\" \/>\n<script type=\"application\/ld+json\" class=\"yoast-schema-graph\">{\"@context\":\"https:\/\/schema.org\",\"@graph\":[{\"@type\":\"WebPage\",\"@id\":\"https:\/\/www.teamfit.eu\/glossary\/teambuilding\/\",\"url\":\"https:\/\/www.teamfit.eu\/glossary\/teambuilding\/\",\"name\":\"Teambuilding - Teamfit\",\"isPartOf\":{\"@id\":\"https:\/\/www.teamfit.eu\/#website\"},\"datePublished\":\"2024-05-14T09:25:24+00:00\",\"dateModified\":\"2024-05-14T14:38:48+00:00\",\"description\":\"Glossar: Teambuilding bezeichnet die gezielte F\u00f6rderung der Zusammenarbeit, Kommunikation und Zusammengeh\u00f6rigkeit innerhalb eines Teams...\",\"breadcrumb\":{\"@id\":\"https:\/\/www.teamfit.eu\/glossary\/teambuilding\/#breadcrumb\"},\"inLanguage\":\"de\",\"potentialAction\":[{\"@type\":\"ReadAction\",\"target\":[\"https:\/\/www.teamfit.eu\/glossary\/teambuilding\/\"]}]},{\"@type\":\"BreadcrumbList\",\"@id\":\"https:\/\/www.teamfit.eu\/glossary\/teambuilding\/#breadcrumb\",\"itemListElement\":[{\"@type\":\"ListItem\",\"position\":1,\"name\":\"Home\",\"item\":\"https:\/\/www.teamfit.eu\/\"},{\"@type\":\"ListItem\",\"position\":2,\"name\":\"Glossary\",\"item\":\"https:\/\/www.teamfit.eu\/glossary\/\"},{\"@type\":\"ListItem\",\"position\":3,\"name\":\"Teambuilding\"}]},{\"@type\":\"WebSite\",\"@id\":\"https:\/\/www.teamfit.eu\/#website\",\"url\":\"https:\/\/www.teamfit.eu\/\",\"name\":\"Teamfit\",\"description\":\"Teamgeist, Gesundheit und Nachhaltigkeit f\u00fcr dein Unternehmen\",\"publisher\":{\"@id\":\"https:\/\/www.teamfit.eu\/#organization\"},\"potentialAction\":[{\"@type\":\"SearchAction\",\"target\":{\"@type\":\"EntryPoint\",\"urlTemplate\":\"https:\/\/www.teamfit.eu\/?s={search_term_string}\"},\"query-input\":{\"@type\":\"PropertyValueSpecification\",\"valueRequired\":true,\"valueName\":\"search_term_string\"}}],\"inLanguage\":\"de\"},{\"@type\":\"Organization\",\"@id\":\"https:\/\/www.teamfit.eu\/#organization\",\"name\":\"Teamfit GmbH\",\"url\":\"https:\/\/www.teamfit.eu\/\",\"logo\":{\"@type\":\"ImageObject\",\"inLanguage\":\"de\",\"@id\":\"https:\/\/www.teamfit.eu\/#\/schema\/logo\/image\/\",\"url\":\"https:\/\/www.teamfit.eu\/wp-content\/uploads\/2021\/01\/teamfit-logo-new-w2000.png\",\"contentUrl\":\"https:\/\/www.teamfit.eu\/wp-content\/uploads\/2021\/01\/teamfit-logo-new-w2000.png\",\"width\":2000,\"height\":425,\"caption\":\"Teamfit GmbH\"},\"image\":{\"@id\":\"https:\/\/www.teamfit.eu\/#\/schema\/logo\/image\/\"},\"sameAs\":[\"https:\/\/www.facebook.com\/teamfitapp\",\"https:\/\/www.instagram.com\/teamfit_app\",\"https:\/\/www.linkedin.com\/company\/teamfit-gmbh\"]}]}<\/script>\n<!-- \/ Yoast SEO plugin. -->","yoast_head_json":{"title":"Teambuilding - Teamfit","description":"Glossar: Teambuilding bezeichnet die gezielte F\u00f6rderung der Zusammenarbeit, Kommunikation und Zusammengeh\u00f6rigkeit innerhalb eines Teams...","robots":{"index":"index","follow":"follow","max-snippet":"max-snippet:-1","max-image-preview":"max-image-preview:large","max-video-preview":"max-video-preview:-1"},"canonical":"https:\/\/www.teamfit.eu\/de\/glossary\/teambuilding\/","og_locale":"de_DE","og_type":"article","og_title":"Teambuilding - Teamfit","og_description":"Glossar: Teambuilding bezeichnet die gezielte F\u00f6rderung der Zusammenarbeit, Kommunikation und Zusammengeh\u00f6rigkeit innerhalb eines Teams...","og_url":"https:\/\/www.teamfit.eu\/de\/glossary\/teambuilding\/","og_site_name":"Teamfit","article_publisher":"https:\/\/www.facebook.com\/teamfitapp","article_modified_time":"2024-05-14T14:38:48+00:00","twitter_card":"summary_large_image","twitter_misc":{"Gesch\u00e4tzte Lesezeit":"2\u00a0Minuten"},"schema":{"@context":"https:\/\/schema.org","@graph":[{"@type":"WebPage","@id":"https:\/\/www.teamfit.eu\/glossary\/teambuilding\/","url":"https:\/\/www.teamfit.eu\/glossary\/teambuilding\/","name":"Teambuilding - Teamfit","isPartOf":{"@id":"https:\/\/www.teamfit.eu\/#website"},"datePublished":"2024-05-14T09:25:24+00:00","dateModified":"2024-05-14T14:38:48+00:00","description":"Glossar: Teambuilding bezeichnet die gezielte F\u00f6rderung der Zusammenarbeit, Kommunikation und Zusammengeh\u00f6rigkeit innerhalb eines Teams...","breadcrumb":{"@id":"https:\/\/www.teamfit.eu\/glossary\/teambuilding\/#breadcrumb"},"inLanguage":"de","potentialAction":[{"@type":"ReadAction","target":["https:\/\/www.teamfit.eu\/glossary\/teambuilding\/"]}]},{"@type":"BreadcrumbList","@id":"https:\/\/www.teamfit.eu\/glossary\/teambuilding\/#breadcrumb","itemListElement":[{"@type":"ListItem","position":1,"name":"Home","item":"https:\/\/www.teamfit.eu\/"},{"@type":"ListItem","position":2,"name":"Glossary","item":"https:\/\/www.teamfit.eu\/glossary\/"},{"@type":"ListItem","position":3,"name":"Teambuilding"}]},{"@type":"WebSite","@id":"https:\/\/www.teamfit.eu\/#website","url":"https:\/\/www.teamfit.eu\/","name":"Teamfit","description":"Teamgeist, Gesundheit und Nachhaltigkeit f\u00fcr dein Unternehmen","publisher":{"@id":"https:\/\/www.teamfit.eu\/#organization"},"potentialAction":[{"@type":"SearchAction","target":{"@type":"EntryPoint","urlTemplate":"https:\/\/www.teamfit.eu\/?s={search_term_string}"},"query-input":{"@type":"PropertyValueSpecification","valueRequired":true,"valueName":"search_term_string"}}],"inLanguage":"de"},{"@type":"Organization","@id":"https:\/\/www.teamfit.eu\/#organization","name":"Teamfit GmbH","url":"https:\/\/www.teamfit.eu\/","logo":{"@type":"ImageObject","inLanguage":"de","@id":"https:\/\/www.teamfit.eu\/#\/schema\/logo\/image\/","url":"https:\/\/www.teamfit.eu\/wp-content\/uploads\/2021\/01\/teamfit-logo-new-w2000.png","contentUrl":"https:\/\/www.teamfit.eu\/wp-content\/uploads\/2021\/01\/teamfit-logo-new-w2000.png","width":2000,"height":425,"caption":"Teamfit GmbH"},"image":{"@id":"https:\/\/www.teamfit.eu\/#\/schema\/logo\/image\/"},"sameAs":["https:\/\/www.facebook.com\/teamfitapp","https:\/\/www.instagram.com\/teamfit_app","https:\/\/www.linkedin.com\/company\/teamfit-gmbh"]}]}},"_links":{"self":[{"href":"https:\/\/www.teamfit.eu\/de\/wp-json\/wp\/v2\/pages\/21979","targetHints":{"allow":["GET"]}}],"collection":[{"href":"https:\/\/www.teamfit.eu\/de\/wp-json\/wp\/v2\/pages"}],"about":[{"href":"https:\/\/www.teamfit.eu\/de\/wp-json\/wp\/v2\/types\/page"}],"author":[{"embeddable":true,"href":"https:\/\/www.teamfit.eu\/de\/wp-json\/wp\/v2\/users\/19"}],"replies":[{"embeddable":true,"href":"https:\/\/www.teamfit.eu\/de\/wp-json\/wp\/v2\/comments?post=21979"}],"version-history":[{"count":0,"href":"https:\/\/www.teamfit.eu\/de\/wp-json\/wp\/v2\/pages\/21979\/revisions"}],"up":[{"embeddable":true,"href":"https:\/\/www.teamfit.eu\/de\/wp-json\/wp\/v2\/pages\/20491"}],"wp:attachment":[{"href":"https:\/\/www.teamfit.eu\/de\/wp-json\/wp\/v2\/media?parent=21979"}],"curies":[{"name":"wp","href":"https:\/\/api.w.org\/{rel}","templated":true}]}}