{"id":36925,"date":"2025-03-24T09:08:57","date_gmt":"2025-03-24T09:08:57","guid":{"rendered":"https:\/\/www.teamfit.eu\/?page_id=36925"},"modified":"2025-03-25T21:03:43","modified_gmt":"2025-03-25T21:03:43","slug":"contact-demo","status":"publish","type":"page","link":"https:\/\/www.teamfit.eu\/de\/contact-demo\/","title":{"rendered":"Contact Demo Call"},"content":{"rendered":"<div data-elementor-type=\"wp-page\" data-elementor-id=\"36925\" class=\"elementor elementor-36925\" data-elementor-post-type=\"page\">\n\t\t\t\t\t\t<section class=\"elementor-section elementor-top-section elementor-element elementor-element-d87c3fb elementor-hidden-mobile elementor-hidden-tablet elementor-reverse-mobile elementor-section-boxed elementor-section-height-default elementor-section-height-default\" data-id=\"d87c3fb\" data-element_type=\"section\">\n\t\t\t\t\t\t<div class=\"elementor-container elementor-column-gap-default\">\n\t\t\t\t\t<div class=\"elementor-column elementor-col-50 elementor-top-column elementor-element elementor-element-0bba2f0\" data-id=\"0bba2f0\" data-element_type=\"column\">\n\t\t\t<div class=\"elementor-widget-wrap elementor-element-populated\">\n\t\t\t\t\t\t<div class=\"elementor-element elementor-element-4cb3bcf elementor-widget elementor-widget-spacer\" data-id=\"4cb3bcf\" data-element_type=\"widget\" data-widget_type=\"spacer.default\">\n\t\t\t\t<div class=\"elementor-widget-container\">\n\t\t\t\t\t\t\t<div class=\"elementor-spacer\">\n\t\t\t<div class=\"elementor-spacer-inner\"><\/div>\n\t\t<\/div>\n\t\t\t\t\t\t<\/div>\n\t\t\t\t<\/div>\n\t\t\t\t<div class=\"elementor-element elementor-element-46c1134 elementor-widget__width-initial elementor-widget-mobile__width-initial elementor-widget elementor-widget-heading\" data-id=\"46c1134\" data-element_type=\"widget\" data-widget_type=\"heading.default\">\n\t\t\t\t<div class=\"elementor-widget-container\">\n\t\t\t\t\t<h1 class=\"elementor-heading-title elementor-size-default\">Erlebe Teamfit in Aktion<\/h1>\t\t\t\t<\/div>\n\t\t\t\t<\/div>\n\t\t\t\t<div class=\"elementor-element elementor-element-24c6802 elementor-widget__width-initial elementor-widget elementor-widget-text-editor\" data-id=\"24c6802\" data-element_type=\"widget\" data-widget_type=\"text-editor.default\">\n\t\t\t\t<div class=\"elementor-widget-container\">\n\t\t\t\t\t\t\t\t\t<p>Hinterlasse uns deine Kontaktdaten und wir vereinbaren einen 30 min\u00fctigen Demo Call.<\/p>\t\t\t\t\t\t\t\t<\/div>\n\t\t\t\t<\/div>\n\t\t\t\t<div class=\"elementor-element elementor-element-f06aac6 elementor-widget elementor-widget-heading\" data-id=\"f06aac6\" data-element_type=\"widget\" data-widget_type=\"heading.default\">\n\t\t\t\t<div class=\"elementor-widget-container\">\n\t\t\t\t\t<h3 class=\"elementor-heading-title elementor-size-default\">Das erwartet dich<\/h3>\t\t\t\t<\/div>\n\t\t\t\t<\/div>\n\t\t\t\t<div class=\"elementor-element elementor-element-b655e8e elementor-widget__width-initial elementor-widget elementor-widget-text-editor\" data-id=\"b655e8e\" data-element_type=\"widget\" data-widget_type=\"text-editor.default\">\n\t\t\t\t<div class=\"elementor-widget-container\">\n\t\t\t\t\t\t\t\t\t<ul><li>Ein unverbindlicher Einblick in alle Funktionen<\/li><li>Ma\u00dfgeschneiderte Beratung passend auf deine Anforderungen<\/li><li>Antworten auf all deine Fragen<\/li><\/ul>\t\t\t\t\t\t\t\t<\/div>\n\t\t\t\t<\/div>\n\t\t\t\t<div class=\"elementor-element elementor-element-8f19997 elementor-widget elementor-widget-heading\" data-id=\"8f19997\" data-element_type=\"widget\" data-widget_type=\"heading.default\">\n\t\t\t\t<div class=\"elementor-widget-container\">\n\t\t\t\t\t<h3 class=\"elementor-heading-title elementor-size-default\">Challenges, die Mitarbeitende lieben<\/h3>\t\t\t\t<\/div>\n\t\t\t\t<\/div>\n\t\t\t\t<section class=\"elementor-section elementor-inner-section elementor-element elementor-element-3891b0f elementor-section-boxed elementor-section-height-default elementor-section-height-default\" data-id=\"3891b0f\" data-element_type=\"section\">\n\t\t\t\t\t\t<div class=\"elementor-container elementor-column-gap-default\">\n\t\t\t\t\t<div class=\"elementor-column elementor-col-100 elementor-inner-column elementor-element elementor-element-aa5a392\" data-id=\"aa5a392\" data-element_type=\"column\">\n\t\t\t<div class=\"elementor-widget-wrap elementor-element-populated\">\n\t\t\t\t\t\t<div class=\"elementor-element elementor-element-b992c29 elementor-widget__width-initial elementor-widget elementor-widget-image\" data-id=\"b992c29\" data-element_type=\"widget\" data-widget_type=\"image.default\">\n\t\t\t\t<div class=\"elementor-widget-container\">\n\t\t\t\t\t\t\t\t\t\t\t\t\t\t\t<img decoding=\"async\" src=\"https:\/\/www.teamfit.eu\/wp-content\/uploads\/elementor\/thumbs\/Download-3-r0q5tavzpjz5u19u4lil6bjb0csw04svk6a4yesvle.png\" title=\"Omr Leader Badge q1\/2025\" alt=\"Omr Leader Badge q1\/2025\" loading=\"lazy\" \/>\t\t\t\t\t\t\t\t\t\t\t\t\t\t\t<\/div>\n\t\t\t\t<\/div>\n\t\t\t\t<div class=\"elementor-element elementor-element-6ee0f9f elementor-widget__width-initial elementor-widget elementor-widget-image\" data-id=\"6ee0f9f\" data-element_type=\"widget\" data-widget_type=\"image.default\">\n\t\t\t\t<div class=\"elementor-widget-container\">\n\t\t\t\t\t\t\t\t\t\t\t\t\t\t\t<img decoding=\"async\" src=\"https:\/\/www.teamfit.eu\/wp-content\/uploads\/2024\/10\/OMR_TopRated_Q4.svg\" title=\"OMR_TopRated_Q4\" alt=\"OMR_TopRated_Q4\" loading=\"lazy\" \/>\t\t\t\t\t\t\t\t\t\t\t\t\t\t\t<\/div>\n\t\t\t\t<\/div>\n\t\t\t\t<div class=\"elementor-element elementor-element-b146152 elementor-widget__width-initial elementor-widget elementor-widget-image\" data-id=\"b146152\" data-element_type=\"widget\" data-widget_type=\"image.default\">\n\t\t\t\t<div class=\"elementor-widget-container\">\n\t\t\t\t\t\t\t\t\t\t\t\t\t\t\t<img decoding=\"async\" src=\"https:\/\/www.teamfit.eu\/wp-content\/uploads\/2021\/01\/top-100-badge-2025-1.svg\" title=\"OMR top-100-badge-2025\" alt=\"OMR Top 100 Badge 2025 f\u00fcr den DACH Markt\" loading=\"lazy\" \/>\t\t\t\t\t\t\t\t\t\t\t\t\t\t\t<\/div>\n\t\t\t\t<\/div>\n\t\t\t\t\t<\/div>\n\t\t<\/div>\n\t\t\t\t\t<\/div>\n\t\t<\/section>\n\t\t\t\t\t<\/div>\n\t\t<\/div>\n\t\t\t\t<div class=\"elementor-column elementor-col-50 elementor-top-column elementor-element elementor-element-6f357e1 elementor-hidden-mobile\" data-id=\"6f357e1\" data-element_type=\"column\" data-settings=\"{&quot;background_background&quot;:&quot;classic&quot;}\">\n\t\t\t<div class=\"elementor-widget-wrap elementor-element-populated\">\n\t\t\t\t\t\t<div class=\"elementor-element elementor-element-13fe980 elementor-widget__width-initial elementor-widget-mobile__width-initial elementor-widget elementor-widget-heading\" data-id=\"13fe980\" data-element_type=\"widget\" data-widget_type=\"heading.default\">\n\t\t\t\t<div class=\"elementor-widget-container\">\n\t\t\t\t\t<h2 class=\"elementor-heading-title elementor-size-default\">Buche deine Demo und sprich mit unseren Experten<\/h2>\t\t\t\t<\/div>\n\t\t\t\t<\/div>\n\t\t\t\t<div class=\"elementor-element elementor-element-aa64e91 elementor-widget elementor-widget-html\" data-id=\"aa64e91\" data-element_type=\"widget\" data-widget_type=\"html.default\">\n\t\t\t\t<div class=\"elementor-widget-container\">\n\t\t\t\t\t<script src=\"https:\/\/js-eu1.hsforms.net\/forms\/embed\/27116718.js\" defer><\/script>\n<div class=\"hs-form-frame\" data-region=\"eu1\" data-form-id=\"0b32c535-af78-4793-8a92-4a5687d50ffc\" data-portal-id=\"27116718\"><\/div>\t\t\t\t<\/div>\n\t\t\t\t<\/div>\n\t\t\t\t\t<\/div>\n\t\t<\/div>\n\t\t\t\t\t<\/div>\n\t\t<\/section>\n\t\t\t\t<section class=\"elementor-section elementor-top-section elementor-element elementor-element-7d7b260 elementor-section-boxed elementor-section-height-default elementor-section-height-default\" data-id=\"7d7b260\" data-element_type=\"section\">\n\t\t\t\t\t\t<div class=\"elementor-container elementor-column-gap-default\">\n\t\t\t\t\t<div class=\"elementor-column elementor-col-100 elementor-top-column elementor-element elementor-element-a2c55f9\" data-id=\"a2c55f9\" data-element_type=\"column\">\n\t\t\t<div class=\"elementor-widget-wrap elementor-element-populated\">\n\t\t\t\t\t\t<div class=\"elementor-element elementor-element-52fc626 elementor-widget elementor-widget-spacer\" data-id=\"52fc626\" data-element_type=\"widget\" data-widget_type=\"spacer.default\">\n\t\t\t\t<div class=\"elementor-widget-container\">\n\t\t\t\t\t\t\t<div class=\"elementor-spacer\">\n\t\t\t<div class=\"elementor-spacer-inner\"><\/div>\n\t\t<\/div>\n\t\t\t\t\t\t<\/div>\n\t\t\t\t<\/div>\n\t\t\t\t\t<\/div>\n\t\t<\/div>\n\t\t\t\t\t<\/div>\n\t\t<\/section>\n\t\t\t\t<section class=\"elementor-section elementor-top-section elementor-element elementor-element-fce33a8 elementor-section-boxed elementor-section-height-default elementor-section-height-default\" data-id=\"fce33a8\" data-element_type=\"section\">\n\t\t\t\t\t\t<div class=\"elementor-container elementor-column-gap-default\">\n\t\t\t\t\t<div class=\"elementor-column elementor-col-33 elementor-top-column elementor-element elementor-element-c0fb688\" data-id=\"c0fb688\" data-element_type=\"column\">\n\t\t\t<div class=\"elementor-widget-wrap elementor-element-populated\">\n\t\t\t\t\t\t<div class=\"elementor-element elementor-element-f3b292a elementor-widget elementor-widget-heading\" data-id=\"f3b292a\" data-element_type=\"widget\" data-widget_type=\"heading.default\">\n\t\t\t\t<div class=\"elementor-widget-container\">\n\t\t\t\t\t<h2 class=\"elementor-heading-title elementor-size-default\">Datensicherheit ist uns wichtig<\/h2>\t\t\t\t<\/div>\n\t\t\t\t<\/div>\n\t\t\t\t<div class=\"elementor-element elementor-element-f7c1c4c elementor-widget-tablet__width-initial elementor-widget elementor-widget-text-editor\" data-id=\"f7c1c4c\" data-element_type=\"widget\" data-widget_type=\"text-editor.default\">\n\t\t\t\t<div class=\"elementor-widget-container\">\n\t\t\t\t\t\t\t\t\t<p>Wir legen h\u00f6chsten Wert auf Datenschutz. Alle gesammelten Aktivit\u00e4tsdaten werden zusammengefasst und anonymisiert. Nutzer:innen k\u00f6nnen Teamfit mit der Gewissheit nutzen, dass ihre pers\u00f6nlichen Daten absolut gesch\u00fctzt sind.<\/p>\t\t\t\t\t\t\t\t<\/div>\n\t\t\t\t<\/div>\n\t\t\t\t\t<\/div>\n\t\t<\/div>\n\t\t\t\t<div class=\"elementor-column elementor-col-66 elementor-top-column elementor-element elementor-element-3a4cd48\" data-id=\"3a4cd48\" data-element_type=\"column\">\n\t\t\t<div class=\"elementor-widget-wrap elementor-element-populated\">\n\t\t\t\t\t\t<div class=\"elementor-element elementor-element-9a3188f elementor-widget-tablet__width-initial elementor-widget__width-initial elementor-widget-mobile__width-initial elementor-widget elementor-widget-image\" data-id=\"9a3188f\" data-element_type=\"widget\" data-widget_type=\"image.default\">\n\t\t\t\t<div class=\"elementor-widget-container\">\n\t\t\t\t\t\t\t\t\t\t\t\t\t\t\t<img fetchpriority=\"high\" decoding=\"async\" width=\"300\" height=\"300\" src=\"https:\/\/www.teamfit.eu\/wp-content\/uploads\/2024\/01\/Blue-Grey-Coloured-Illustrative-Style-Data-Privacy-Day-Awareness-Instagram-Post-300x300.png\" class=\"attachment-medium size-medium wp-image-15547\" alt=\"\" srcset=\"https:\/\/www.teamfit.eu\/wp-content\/uploads\/2024\/01\/Blue-Grey-Coloured-Illustrative-Style-Data-Privacy-Day-Awareness-Instagram-Post-300x300.png 300w, https:\/\/www.teamfit.eu\/wp-content\/uploads\/2024\/01\/Blue-Grey-Coloured-Illustrative-Style-Data-Privacy-Day-Awareness-Instagram-Post-1024x1024.png 1024w, https:\/\/www.teamfit.eu\/wp-content\/uploads\/2024\/01\/Blue-Grey-Coloured-Illustrative-Style-Data-Privacy-Day-Awareness-Instagram-Post-150x150.png 150w, https:\/\/www.teamfit.eu\/wp-content\/uploads\/2024\/01\/Blue-Grey-Coloured-Illustrative-Style-Data-Privacy-Day-Awareness-Instagram-Post-768x768.png 768w, https:\/\/www.teamfit.eu\/wp-content\/uploads\/2024\/01\/Blue-Grey-Coloured-Illustrative-Style-Data-Privacy-Day-Awareness-Instagram-Post-1536x1536.png 1536w, https:\/\/www.teamfit.eu\/wp-content\/uploads\/2024\/01\/Blue-Grey-Coloured-Illustrative-Style-Data-Privacy-Day-Awareness-Instagram-Post-12x12.png 12w, https:\/\/www.teamfit.eu\/wp-content\/uploads\/2024\/01\/Blue-Grey-Coloured-Illustrative-Style-Data-Privacy-Day-Awareness-Instagram-Post.png 1890w\" sizes=\"(max-width: 300px) 100vw, 300px\" \/>\t\t\t\t\t\t\t\t\t\t\t\t\t\t\t<\/div>\n\t\t\t\t<\/div>\n\t\t\t\t\t<\/div>\n\t\t<\/div>\n\t\t\t\t\t<\/div>\n\t\t<\/section>\n\t\t\t\t<section class=\"elementor-section elementor-top-section elementor-element elementor-element-44d9b6a elementor-section-boxed elementor-section-height-default elementor-section-height-default\" data-id=\"44d9b6a\" data-element_type=\"section\">\n\t\t\t\t\t\t<div class=\"elementor-container elementor-column-gap-default\">\n\t\t\t\t\t<div class=\"elementor-column elementor-col-100 elementor-top-column elementor-element elementor-element-8a33d93\" data-id=\"8a33d93\" data-element_type=\"column\">\n\t\t\t<div class=\"elementor-widget-wrap elementor-element-populated\">\n\t\t\t\t\t\t<div class=\"elementor-element elementor-element-ed7414e elementor-widget elementor-widget-spacer\" data-id=\"ed7414e\" data-element_type=\"widget\" data-widget_type=\"spacer.default\">\n\t\t\t\t<div class=\"elementor-widget-container\">\n\t\t\t\t\t\t\t<div class=\"elementor-spacer\">\n\t\t\t<div class=\"elementor-spacer-inner\"><\/div>\n\t\t<\/div>\n\t\t\t\t\t\t<\/div>\n\t\t\t\t<\/div>\n\t\t\t\t\t<\/div>\n\t\t<\/div>\n\t\t\t\t\t<\/div>\n\t\t<\/section>\n\t\t\t\t<\/div>","protected":false},"excerpt":{"rendered":"<p>See Teamfit in Action Enter your data and we will contact you to schedule a 30 minutes demo call. What you can expect A non-binding insight into all the features Tailored to your specific needs Answers to all of your questions Challenges employees love Book a demo and speak to an expert Data security is [&hellip;]<\/p>","protected":false},"author":1,"featured_media":0,"parent":0,"menu_order":0,"comment_status":"closed","ping_status":"closed","template":"","meta":{"content-type":"","footnotes":""},"class_list":["post-36925","page","type-page","status-publish","hentry"],"yoast_head":"<!-- This site is optimized with the Yoast SEO plugin v24.9 - https:\/\/yoast.com\/wordpress\/plugins\/seo\/ -->\n<title>Contact us and we&#039;ll discover how Teamfit can help your company.<\/title>\n<meta name=\"description\" content=\"Contact us free of charge and we will discuss together how Teamfit can ensure fitter, more motivated and healthier employees in your company...\" \/>\n<meta name=\"robots\" content=\"index, follow, max-snippet:-1, max-image-preview:large, max-video-preview:-1\" \/>\n<link rel=\"canonical\" href=\"https:\/\/www.teamfit.eu\/de\/contact-demo\/\" \/>\n<meta property=\"og:locale\" content=\"de_DE\" \/>\n<meta property=\"og:type\" content=\"article\" \/>\n<meta property=\"og:title\" content=\"Contact us and we&#039;ll discover how Teamfit can help your company.\" \/>\n<meta property=\"og:description\" content=\"Contact us free of charge and we will discuss together how Teamfit can ensure fitter, more motivated and healthier employees in your company...\" \/>\n<meta property=\"og:url\" content=\"https:\/\/www.teamfit.eu\/de\/contact-demo\/\" \/>\n<meta property=\"og:site_name\" content=\"Teamfit\" \/>\n<meta property=\"article:publisher\" content=\"https:\/\/www.facebook.com\/teamfitapp\" \/>\n<meta property=\"article:modified_time\" content=\"2025-03-25T21:03:43+00:00\" \/>\n<meta property=\"og:image\" content=\"https:\/\/www.teamfit.eu\/wp-content\/uploads\/elementor\/thumbs\/Download-3-r0q5tavzpjz5u19u4lil6bjb0csw04svk6a4yesvlo.png\" \/>\n<meta name=\"twitter:card\" content=\"summary_large_image\" \/>\n<meta name=\"twitter:label1\" content=\"Gesch\u00e4tzte Lesezeit\" \/>\n\t<meta name=\"twitter:data1\" content=\"2\u00a0Minuten\" \/>\n<script type=\"application\/ld+json\" class=\"yoast-schema-graph\">{\"@context\":\"https:\/\/schema.org\",\"@graph\":[{\"@type\":\"WebPage\",\"@id\":\"https:\/\/www.teamfit.eu\/de\/contact-demo\/\",\"url\":\"https:\/\/www.teamfit.eu\/de\/contact-demo\/\",\"name\":\"Contact us and we'll discover how Teamfit can help your company.\",\"isPartOf\":{\"@id\":\"https:\/\/www.teamfit.eu\/#website\"},\"primaryImageOfPage\":{\"@id\":\"https:\/\/www.teamfit.eu\/de\/contact-demo\/#primaryimage\"},\"image\":{\"@id\":\"https:\/\/www.teamfit.eu\/de\/contact-demo\/#primaryimage\"},\"thumbnailUrl\":\"https:\/\/www.teamfit.eu\/wp-content\/uploads\/elementor\/thumbs\/Download-3-r0q5tavzpjz5u19u4lil6bjb0csw04svk6a4yesvlo.png\",\"datePublished\":\"2025-03-24T09:08:57+00:00\",\"dateModified\":\"2025-03-25T21:03:43+00:00\",\"description\":\"Contact us free of charge and we will discuss together how Teamfit can ensure fitter, more motivated and healthier employees in your company...\",\"breadcrumb\":{\"@id\":\"https:\/\/www.teamfit.eu\/de\/contact-demo\/#breadcrumb\"},\"inLanguage\":\"de\",\"potentialAction\":[{\"@type\":\"ReadAction\",\"target\":[\"https:\/\/www.teamfit.eu\/de\/contact-demo\/\"]}]},{\"@type\":\"ImageObject\",\"inLanguage\":\"de\",\"@id\":\"https:\/\/www.teamfit.eu\/de\/contact-demo\/#primaryimage\",\"url\":\"https:\/\/www.teamfit.eu\/wp-content\/uploads\/elementor\/thumbs\/Download-3-r0q5tavzpjz5u19u4lil6bjb0csw04svk6a4yesvlo.png\",\"contentUrl\":\"https:\/\/www.teamfit.eu\/wp-content\/uploads\/elementor\/thumbs\/Download-3-r0q5tavzpjz5u19u4lil6bjb0csw04svk6a4yesvlo.png\"},{\"@type\":\"BreadcrumbList\",\"@id\":\"https:\/\/www.teamfit.eu\/de\/contact-demo\/#breadcrumb\",\"itemListElement\":[{\"@type\":\"ListItem\",\"position\":1,\"name\":\"Home\",\"item\":\"https:\/\/www.teamfit.eu\/\"},{\"@type\":\"ListItem\",\"position\":2,\"name\":\"Contact Demo Call\"}]},{\"@type\":\"WebSite\",\"@id\":\"https:\/\/www.teamfit.eu\/#website\",\"url\":\"https:\/\/www.teamfit.eu\/\",\"name\":\"Teamfit\",\"description\":\"Teamgeist, Gesundheit und Nachhaltigkeit f\u00fcr dein Unternehmen\",\"publisher\":{\"@id\":\"https:\/\/www.teamfit.eu\/#organization\"},\"potentialAction\":[{\"@type\":\"SearchAction\",\"target\":{\"@type\":\"EntryPoint\",\"urlTemplate\":\"https:\/\/www.teamfit.eu\/?s={search_term_string}\"},\"query-input\":{\"@type\":\"PropertyValueSpecification\",\"valueRequired\":true,\"valueName\":\"search_term_string\"}}],\"inLanguage\":\"de\"},{\"@type\":\"Organization\",\"@id\":\"https:\/\/www.teamfit.eu\/#organization\",\"name\":\"Teamfit GmbH\",\"url\":\"https:\/\/www.teamfit.eu\/\",\"logo\":{\"@type\":\"ImageObject\",\"inLanguage\":\"de\",\"@id\":\"https:\/\/www.teamfit.eu\/#\/schema\/logo\/image\/\",\"url\":\"https:\/\/www.teamfit.eu\/wp-content\/uploads\/2021\/01\/teamfit-logo-new-w2000.png\",\"contentUrl\":\"https:\/\/www.teamfit.eu\/wp-content\/uploads\/2021\/01\/teamfit-logo-new-w2000.png\",\"width\":2000,\"height\":425,\"caption\":\"Teamfit GmbH\"},\"image\":{\"@id\":\"https:\/\/www.teamfit.eu\/#\/schema\/logo\/image\/\"},\"sameAs\":[\"https:\/\/www.facebook.com\/teamfitapp\",\"https:\/\/www.instagram.com\/teamfit_app\",\"https:\/\/www.linkedin.com\/company\/teamfit-gmbh\"]}]}<\/script>\n<!-- \/ Yoast SEO plugin. -->","yoast_head_json":{"title":"Contact us and we'll discover how Teamfit can help your company.","description":"Contact us free of charge and we will discuss together how Teamfit can ensure fitter, more motivated and healthier employees in your company...","robots":{"index":"index","follow":"follow","max-snippet":"max-snippet:-1","max-image-preview":"max-image-preview:large","max-video-preview":"max-video-preview:-1"},"canonical":"https:\/\/www.teamfit.eu\/de\/contact-demo\/","og_locale":"de_DE","og_type":"article","og_title":"Contact us and we'll discover how Teamfit can help your company.","og_description":"Contact us free of charge and we will discuss together how Teamfit can ensure fitter, more motivated and healthier employees in your company...","og_url":"https:\/\/www.teamfit.eu\/de\/contact-demo\/","og_site_name":"Teamfit","article_publisher":"https:\/\/www.facebook.com\/teamfitapp","article_modified_time":"2025-03-25T21:03:43+00:00","og_image":[{"url":"https:\/\/www.teamfit.eu\/wp-content\/uploads\/elementor\/thumbs\/Download-3-r0q5tavzpjz5u19u4lil6bjb0csw04svk6a4yesvlo.png","type":"","width":"","height":""}],"twitter_card":"summary_large_image","twitter_misc":{"Gesch\u00e4tzte Lesezeit":"2\u00a0Minuten"},"schema":{"@context":"https:\/\/schema.org","@graph":[{"@type":"WebPage","@id":"https:\/\/www.teamfit.eu\/de\/contact-demo\/","url":"https:\/\/www.teamfit.eu\/de\/contact-demo\/","name":"Contact us and we'll discover how Teamfit can help your company.","isPartOf":{"@id":"https:\/\/www.teamfit.eu\/#website"},"primaryImageOfPage":{"@id":"https:\/\/www.teamfit.eu\/de\/contact-demo\/#primaryimage"},"image":{"@id":"https:\/\/www.teamfit.eu\/de\/contact-demo\/#primaryimage"},"thumbnailUrl":"https:\/\/www.teamfit.eu\/wp-content\/uploads\/elementor\/thumbs\/Download-3-r0q5tavzpjz5u19u4lil6bjb0csw04svk6a4yesvlo.png","datePublished":"2025-03-24T09:08:57+00:00","dateModified":"2025-03-25T21:03:43+00:00","description":"Contact us free of charge and we will discuss together how Teamfit can ensure fitter, more motivated and healthier employees in your company...","breadcrumb":{"@id":"https:\/\/www.teamfit.eu\/de\/contact-demo\/#breadcrumb"},"inLanguage":"de","potentialAction":[{"@type":"ReadAction","target":["https:\/\/www.teamfit.eu\/de\/contact-demo\/"]}]},{"@type":"ImageObject","inLanguage":"de","@id":"https:\/\/www.teamfit.eu\/de\/contact-demo\/#primaryimage","url":"https:\/\/www.teamfit.eu\/wp-content\/uploads\/elementor\/thumbs\/Download-3-r0q5tavzpjz5u19u4lil6bjb0csw04svk6a4yesvlo.png","contentUrl":"https:\/\/www.teamfit.eu\/wp-content\/uploads\/elementor\/thumbs\/Download-3-r0q5tavzpjz5u19u4lil6bjb0csw04svk6a4yesvlo.png"},{"@type":"BreadcrumbList","@id":"https:\/\/www.teamfit.eu\/de\/contact-demo\/#breadcrumb","itemListElement":[{"@type":"ListItem","position":1,"name":"Home","item":"https:\/\/www.teamfit.eu\/"},{"@type":"ListItem","position":2,"name":"Contact Demo Call"}]},{"@type":"WebSite","@id":"https:\/\/www.teamfit.eu\/#website","url":"https:\/\/www.teamfit.eu\/","name":"Teamfit","description":"Teamgeist, Gesundheit und Nachhaltigkeit f\u00fcr dein Unternehmen","publisher":{"@id":"https:\/\/www.teamfit.eu\/#organization"},"potentialAction":[{"@type":"SearchAction","target":{"@type":"EntryPoint","urlTemplate":"https:\/\/www.teamfit.eu\/?s={search_term_string}"},"query-input":{"@type":"PropertyValueSpecification","valueRequired":true,"valueName":"search_term_string"}}],"inLanguage":"de"},{"@type":"Organization","@id":"https:\/\/www.teamfit.eu\/#organization","name":"Teamfit GmbH","url":"https:\/\/www.teamfit.eu\/","logo":{"@type":"ImageObject","inLanguage":"de","@id":"https:\/\/www.teamfit.eu\/#\/schema\/logo\/image\/","url":"https:\/\/www.teamfit.eu\/wp-content\/uploads\/2021\/01\/teamfit-logo-new-w2000.png","contentUrl":"https:\/\/www.teamfit.eu\/wp-content\/uploads\/2021\/01\/teamfit-logo-new-w2000.png","width":2000,"height":425,"caption":"Teamfit GmbH"},"image":{"@id":"https:\/\/www.teamfit.eu\/#\/schema\/logo\/image\/"},"sameAs":["https:\/\/www.facebook.com\/teamfitapp","https:\/\/www.instagram.com\/teamfit_app","https:\/\/www.linkedin.com\/company\/teamfit-gmbh"]}]}},"_links":{"self":[{"href":"https:\/\/www.teamfit.eu\/de\/wp-json\/wp\/v2\/pages\/36925","targetHints":{"allow":["GET"]}}],"collection":[{"href":"https:\/\/www.teamfit.eu\/de\/wp-json\/wp\/v2\/pages"}],"about":[{"href":"https:\/\/www.teamfit.eu\/de\/wp-json\/wp\/v2\/types\/page"}],"author":[{"embeddable":true,"href":"https:\/\/www.teamfit.eu\/de\/wp-json\/wp\/v2\/users\/1"}],"replies":[{"embeddable":true,"href":"https:\/\/www.teamfit.eu\/de\/wp-json\/wp\/v2\/comments?post=36925"}],"version-history":[{"count":0,"href":"https:\/\/www.teamfit.eu\/de\/wp-json\/wp\/v2\/pages\/36925\/revisions"}],"wp:attachment":[{"href":"https:\/\/www.teamfit.eu\/de\/wp-json\/wp\/v2\/media?parent=36925"}],"curies":[{"name":"wp","href":"https:\/\/api.w.org\/{rel}","templated":true}]}}